{"id":17,"date":"2017-05-23T09:06:37","date_gmt":"2017-05-23T09:06:37","guid":{"rendered":"http:\/\/www.wetaplast.se\/wordpress\/?page_id=17"},"modified":"2017-05-23T09:07:38","modified_gmt":"2017-05-23T09:07:38","slug":"maskiner-vakuumformning","status":"publish","type":"page","link":"http:\/\/www.wetaplast.se\/en\/maskiner-vakuumformning\/","title":{"rendered":"Maskiner &#8211; Vakuumformning"},"content":{"rendered":"<p><a href=\"http:\/\/www.wetaplast.se\/wordpress\/wp-content\/uploads\/2017\/05\/mcdonald-vit-bg.jpg\"><img loading=\"lazy\" decoding=\"async\" class=\"alignleft wp-image-18 size-full\" src=\"http:\/\/www.wetaplast.se\/wordpress\/wp-content\/uploads\/2017\/05\/mcdonald-vit-bg.jpg\" alt=\"\" width=\"261\" height=\"236\" \/><\/a>M\u00e5nga anser att man inte kan vakuumforma gjuten akryl och ett och annat h\u00f6jt \u00f6gonbryn fick vi se n\u00e4r vi beskrev hur vi t\u00e4nkte g\u00f6ra dessa McDonald&#8217;s-skyltar.<\/p>\n<p>Materialet har vi valt d\u00e4rf\u00f6r att det \u00e4r f\u00e4rgbest\u00e4ndigt, t\u00e5l UV-str\u00e5lning och kan beh\u00e5lla sin blanka yta efter att l\u00e4nge ha utsatts f\u00f6r v\u00e4drets krafter. Det \u00e4r dessutom lite billigare \u00e4n andra alternativ.<\/p>\n<p><a href=\"http:\/\/www.wetaplast.se\/wordpress\/wp-content\/uploads\/2017\/05\/10_cnc_fras.jpg\"><img loading=\"lazy\" decoding=\"async\" class=\"alignright wp-image-19 size-medium\" src=\"http:\/\/www.wetaplast.se\/wordpress\/wp-content\/uploads\/2017\/05\/10_cnc_fras-267x300.jpg\" alt=\"\" width=\"267\" height=\"300\" srcset=\"http:\/\/www.wetaplast.se\/wp-content\/uploads\/2017\/05\/10_cnc_fras-267x300.jpg 267w, http:\/\/www.wetaplast.se\/wp-content\/uploads\/2017\/05\/10_cnc_fras.jpg 301w\" sizes=\"auto, (max-width: 267px) 100vw, 267px\" \/><\/a>avancerad efterbearbetning med h\u00f6gprecision anv\u00e4nds en 5-axlig CNC-fr\u00e4s. Vi framst\u00e4ller ocks\u00e5 egna verktyg f\u00f6r korta serier och prototyper.<\/p>\n<p>I vakuumformningen kan vi tillverka stora och sm\u00e5 plastdetaljer med avancerade l\u00f6sningar och h\u00f6g kvalitet. Vi har fler maskiner och de st\u00f6rsta klarar dimensioner upp till 1940&#215;940 mm.<\/p>\n<p><a href=\"http:\/\/www.wetaplast.se\/wordpress\/wp-content\/uploads\/2017\/05\/10_vakuumformning.jpg\"><img loading=\"lazy\" decoding=\"async\" class=\"aligncenter wp-image-20 size-full\" src=\"http:\/\/www.wetaplast.se\/wordpress\/wp-content\/uploads\/2017\/05\/10_vakuumformning.jpg\" alt=\"\" width=\"285\" height=\"275\" \/><\/a><\/p>\n<p><a href=\"http:\/\/www.wetaplast.se\/wordpress\/wp-content\/uploads\/2017\/05\/10_haldex.jpg\"><img loading=\"lazy\" decoding=\"async\" class=\"alignright wp-image-22 size-full\" src=\"http:\/\/www.wetaplast.se\/wordpress\/wp-content\/uploads\/2017\/05\/10_haldex.jpg\" alt=\"\" width=\"223\" height=\"237\" \/><\/a>Till h\u00f6ger: Sorterings- och transportbricka f\u00f6r maskindelar. Stapelbar och anpassad f\u00f6r Europapallar. Utvecklad i samarbete med kunden, Haldex AB.<\/p>\n<p>Att tillverka i plast kr\u00e4ver formverktyg med h\u00f6g precision och konstant temperatur p\u00e5 s\u00e5v\u00e4l formverktyg som material f\u00f6r att produkterna ska f\u00e5 exakt de m\u00e5tt som efterstr\u00e4vas. Det h\u00e4r \u00e4r v\u00e5r yrkesskicklighet och v\u00e5r k\u00e4nsla f\u00f6r plast kommer till sin r\u00e4tt.<\/p>\n<p><a href=\"http:\/\/www.wetaplast.se\/wordpress\/wp-content\/uploads\/2017\/05\/10_verktygsform.jpg\"><img loading=\"lazy\" decoding=\"async\" class=\"alignleft wp-image-23 size-medium\" src=\"http:\/\/www.wetaplast.se\/wordpress\/wp-content\/uploads\/2017\/05\/10_verktygsform-300x159.jpg\" alt=\"\" width=\"300\" height=\"159\" srcset=\"http:\/\/www.wetaplast.se\/wp-content\/uploads\/2017\/05\/10_verktygsform-300x159.jpg 300w, http:\/\/www.wetaplast.se\/wp-content\/uploads\/2017\/05\/10_verktygsform.jpg 566w\" sizes=\"auto, (max-width: 300px) 100vw, 300px\" \/><\/a>Det h\u00e4r en specialv\u00e4ska utvecklad f\u00f6r Sandvik i samarbete med Stockholm Etui &amp; Koffertfabrik AB. Den vakuumformade inredningen \u00e4r 2 mm tjock f\u00f6r att fungera v\u00e4l.<\/p>\n","protected":false},"excerpt":{"rendered":"<p>M\u00e5nga anser att man inte kan vakuumforma gjuten akryl och ett och annat h\u00f6jt \u00f6gonbryn fick vi se n\u00e4r vi beskrev hur vi t\u00e4nkte g\u00f6ra dessa McDonald&#8217;s-skyltar. Materialet har vi valt d\u00e4rf\u00f6r att det \u00e4r f\u00e4rgbest\u00e4ndigt, t\u00e5l UV-str\u00e5lning och kan beh\u00e5lla sin blanka yta efter att l\u00e4nge ha utsatts f\u00f6r v\u00e4drets krafter. Det \u00e4r dessutom &#8230; <a title=\"Maskiner &#8211; Vakuumformning\" class=\"read-more\" href=\"http:\/\/www.wetaplast.se\/en\/maskiner-vakuumformning\/\" aria-label=\"Read more about Maskiner &#8211; Vakuumformning\">Read more<\/a><\/p>\n","protected":false},"author":1,"featured_media":0,"parent":0,"menu_order":0,"comment_status":"closed","ping_status":"closed","template":"","meta":{"footnotes":""},"class_list":["post-17","page","type-page","status-publish"],"translation":{"provider":"WPGlobus","version":"3.0.0","language":"en","enabled_languages":["sv","en"],"languages":{"sv":{"title":true,"content":true,"excerpt":false},"en":{"title":false,"content":false,"excerpt":false}}},"_links":{"self":[{"href":"http:\/\/www.wetaplast.se\/en\/wp-json\/wp\/v2\/pages\/17","targetHints":{"allow":["GET"]}}],"collection":[{"href":"http:\/\/www.wetaplast.se\/en\/wp-json\/wp\/v2\/pages"}],"about":[{"href":"http:\/\/www.wetaplast.se\/en\/wp-json\/wp\/v2\/types\/page"}],"author":[{"embeddable":true,"href":"http:\/\/www.wetaplast.se\/en\/wp-json\/wp\/v2\/users\/1"}],"replies":[{"embeddable":true,"href":"http:\/\/www.wetaplast.se\/en\/wp-json\/wp\/v2\/comments?post=17"}],"version-history":[{"count":2,"href":"http:\/\/www.wetaplast.se\/en\/wp-json\/wp\/v2\/pages\/17\/revisions"}],"predecessor-version":[{"id":24,"href":"http:\/\/www.wetaplast.se\/en\/wp-json\/wp\/v2\/pages\/17\/revisions\/24"}],"wp:attachment":[{"href":"http:\/\/www.wetaplast.se\/en\/wp-json\/wp\/v2\/media?parent=17"}],"curies":[{"name":"wp","href":"https:\/\/api.w.org\/{rel}","templated":true}]}}