{"id":40,"date":"2017-05-28T13:00:25","date_gmt":"2017-05-28T13:00:25","guid":{"rendered":"http:\/\/www.wetaplast.se\/wordpress\/?page_id=40"},"modified":"2017-05-28T13:00:25","modified_gmt":"2017-05-28T13:00:25","slug":"egna-patent-och-produkter","status":"publish","type":"page","link":"http:\/\/www.wetaplast.se\/en\/egna-patent-och-produkter\/","title":{"rendered":"Egna patent och produkter"},"content":{"rendered":"<p>WETA-plast har p\u00e5 olika s\u00e4tt bidragit till en enkel och funktionell slutprodukt som ocks\u00e5 ska h\u00e5lla l\u00e4nge och g\u00e4rna se bra ut.<\/p>\n<p><img loading=\"lazy\" decoding=\"async\" class=\"alignright wp-image-42 size-medium\" src=\"http:\/\/www.wetaplast.se\/wordpress\/wp-content\/uploads\/2017\/05\/krok2-vit-bg-91x300.jpg\" alt=\"\" width=\"91\" height=\"300\" srcset=\"http:\/\/www.wetaplast.se\/wp-content\/uploads\/2017\/05\/krok2-vit-bg-91x300.jpg 91w, http:\/\/www.wetaplast.se\/wp-content\/uploads\/2017\/05\/krok2-vit-bg.jpg 145w\" sizes=\"auto, (max-width: 91px) 100vw, 91px\" \/>H\u00e4r \u00e4r n\u00e5gra exempel:<\/p>\n<p>Linl\u00e5set som l\u00e5ser linan med kraften hos en elefant. En sinnrik konstruktion som \u00e4r patenterad.<\/p>\n<p><a href=\"http:\/\/www.wetaplast.se\/wordpress\/wp-content\/uploads\/2017\/05\/krok-vit-bg.jpg\"><img loading=\"lazy\" decoding=\"async\" class=\"alignnone size-full wp-image-41\" src=\"http:\/\/www.wetaplast.se\/wordpress\/wp-content\/uploads\/2017\/05\/krok-vit-bg.jpg\" alt=\"\" width=\"147\" height=\"85\" \/><\/a><\/p>\n<p>\u00c4nnu en patenterad uppfinning. Blomsterstativet Gracil g\u00f6r det enklare att arrangera blommorna i vasen. En praktisk och rolig produkt som visar bredden p\u00e5 formsprutningens m\u00f6jligheter.<\/p>\n<p><a href=\"http:\/\/www.wetaplast.se\/wordpress\/wp-content\/uploads\/2017\/05\/bukett-vit-bg.jpg\"><img loading=\"lazy\" decoding=\"async\" class=\"alignnone size-medium wp-image-43\" src=\"http:\/\/www.wetaplast.se\/wordpress\/wp-content\/uploads\/2017\/05\/bukett-vit-bg-300x255.jpg\" alt=\"\" width=\"300\" height=\"255\" srcset=\"http:\/\/www.wetaplast.se\/wp-content\/uploads\/2017\/05\/bukett-vit-bg-300x255.jpg 300w, http:\/\/www.wetaplast.se\/wp-content\/uploads\/2017\/05\/bukett-vit-bg.jpg 552w\" sizes=\"auto, (max-width: 300px) 100vw, 300px\" \/><\/a><\/p>\n","protected":false},"excerpt":{"rendered":"<p>WETA-plast har p\u00e5 olika s\u00e4tt bidragit till en enkel och funktionell slutprodukt som ocks\u00e5 ska h\u00e5lla l\u00e4nge och g\u00e4rna se bra ut. H\u00e4r \u00e4r n\u00e5gra exempel: Linl\u00e5set som l\u00e5ser linan med kraften hos en elefant. En sinnrik konstruktion som \u00e4r patenterad. \u00c4nnu en patenterad uppfinning. Blomsterstativet Gracil g\u00f6r det enklare att arrangera blommorna i vasen. &#8230; <a title=\"Egna patent och produkter\" class=\"read-more\" href=\"http:\/\/www.wetaplast.se\/en\/egna-patent-och-produkter\/\" aria-label=\"Read more about Egna patent och produkter\">Read more<\/a><\/p>\n","protected":false},"author":1,"featured_media":0,"parent":0,"menu_order":0,"comment_status":"closed","ping_status":"closed","template":"","meta":{"footnotes":""},"class_list":["post-40","page","type-page","status-publish"],"translation":{"provider":"WPGlobus","version":"3.0.0","language":"en","enabled_languages":["sv","en"],"languages":{"sv":{"title":true,"content":true,"excerpt":false},"en":{"title":false,"content":false,"excerpt":false}}},"_links":{"self":[{"href":"http:\/\/www.wetaplast.se\/en\/wp-json\/wp\/v2\/pages\/40","targetHints":{"allow":["GET"]}}],"collection":[{"href":"http:\/\/www.wetaplast.se\/en\/wp-json\/wp\/v2\/pages"}],"about":[{"href":"http:\/\/www.wetaplast.se\/en\/wp-json\/wp\/v2\/types\/page"}],"author":[{"embeddable":true,"href":"http:\/\/www.wetaplast.se\/en\/wp-json\/wp\/v2\/users\/1"}],"replies":[{"embeddable":true,"href":"http:\/\/www.wetaplast.se\/en\/wp-json\/wp\/v2\/comments?post=40"}],"version-history":[{"count":1,"href":"http:\/\/www.wetaplast.se\/en\/wp-json\/wp\/v2\/pages\/40\/revisions"}],"predecessor-version":[{"id":44,"href":"http:\/\/www.wetaplast.se\/en\/wp-json\/wp\/v2\/pages\/40\/revisions\/44"}],"wp:attachment":[{"href":"http:\/\/www.wetaplast.se\/en\/wp-json\/wp\/v2\/media?parent=40"}],"curies":[{"name":"wp","href":"https:\/\/api.w.org\/{rel}","templated":true}]}}