{"id":7,"date":"2017-05-23T08:59:16","date_gmt":"2017-05-23T08:59:16","guid":{"rendered":"http:\/\/www.wetaplast.se\/wordpress\/?page_id=7"},"modified":"2017-05-23T08:59:16","modified_gmt":"2017-05-23T08:59:16","slug":"vi-ar-ett-svenskt-familjeforetag","status":"publish","type":"page","link":"http:\/\/www.wetaplast.se\/en\/vi-ar-ett-svenskt-familjeforetag\/","title":{"rendered":"Vi \u00e4r ett svenskt familjef\u00f6retag&#8230;"},"content":{"rendered":"<p>Vi \u00e4r ett svenskt familjef\u00f6retag&#8230;<br \/>\nWETA-plast \u00e4r ett familjef\u00f6retag med idag 5 sysselsatta. Ligger i Stockholms Sk\u00e4rg\u00e5rd och tillh\u00f6r \u00d6ster\u00e5kers kommun. F\u00f6retaget har tv\u00e5 verkst\u00e4der p\u00e5 Ingmars\u00f6 \u2013 tillsammans ca 2000 kvm. F\u00f6retaget startade 1955 i V\u00e4llingby och flyttades 1976 till Ingmars\u00f6 av Lars Ljungberg.<\/p>\n<p>Lars och sonen Peter har tillsammans jobbat WETA-plast till vad det \u00e4r idag.<\/p>\n<p>\u00c5r 2000 tog sonhustrun Lotta \u00f6ver som VD.<\/p>\n<p>Peter \u00e4r konstruktions- o produktionschef och har jobbat heltid i f\u00f6retaget sedan 1977.<\/p>\n<p>CAD\/CAM \u2013avdelningen sk\u00f6ts tillsammans med verktygsmakarna.<\/p>\n<p>Hela f\u00f6retaget har genomg\u00e5tt etapp I o II i kompetensarbete M\u00c5L 4.<\/p>\n","protected":false},"excerpt":{"rendered":"<p>Vi \u00e4r ett svenskt familjef\u00f6retag&#8230; WETA-plast \u00e4r ett familjef\u00f6retag med idag 5 sysselsatta. Ligger i Stockholms Sk\u00e4rg\u00e5rd och tillh\u00f6r \u00d6ster\u00e5kers kommun. F\u00f6retaget har tv\u00e5 verkst\u00e4der p\u00e5 Ingmars\u00f6 \u2013 tillsammans ca 2000 kvm. F\u00f6retaget startade 1955 i V\u00e4llingby och flyttades 1976 till Ingmars\u00f6 av Lars Ljungberg. Lars och sonen Peter har tillsammans jobbat WETA-plast till vad &#8230; <a title=\"Vi \u00e4r ett svenskt familjef\u00f6retag&#8230;\" class=\"read-more\" href=\"http:\/\/www.wetaplast.se\/en\/vi-ar-ett-svenskt-familjeforetag\/\" aria-label=\"Read more about Vi \u00e4r ett svenskt familjef\u00f6retag&#8230;\">Read more<\/a><\/p>\n","protected":false},"author":1,"featured_media":0,"parent":0,"menu_order":0,"comment_status":"closed","ping_status":"closed","template":"","meta":{"footnotes":""},"class_list":["post-7","page","type-page","status-publish"],"translation":{"provider":"WPGlobus","version":"3.0.0","language":"en","enabled_languages":["sv","en"],"languages":{"sv":{"title":true,"content":true,"excerpt":false},"en":{"title":false,"content":false,"excerpt":false}}},"_links":{"self":[{"href":"http:\/\/www.wetaplast.se\/en\/wp-json\/wp\/v2\/pages\/7","targetHints":{"allow":["GET"]}}],"collection":[{"href":"http:\/\/www.wetaplast.se\/en\/wp-json\/wp\/v2\/pages"}],"about":[{"href":"http:\/\/www.wetaplast.se\/en\/wp-json\/wp\/v2\/types\/page"}],"author":[{"embeddable":true,"href":"http:\/\/www.wetaplast.se\/en\/wp-json\/wp\/v2\/users\/1"}],"replies":[{"embeddable":true,"href":"http:\/\/www.wetaplast.se\/en\/wp-json\/wp\/v2\/comments?post=7"}],"version-history":[{"count":1,"href":"http:\/\/www.wetaplast.se\/en\/wp-json\/wp\/v2\/pages\/7\/revisions"}],"predecessor-version":[{"id":8,"href":"http:\/\/www.wetaplast.se\/en\/wp-json\/wp\/v2\/pages\/7\/revisions\/8"}],"wp:attachment":[{"href":"http:\/\/www.wetaplast.se\/en\/wp-json\/wp\/v2\/media?parent=7"}],"curies":[{"name":"wp","href":"https:\/\/api.w.org\/{rel}","templated":true}]}}