{"id":77,"date":"2017-06-15T09:23:51","date_gmt":"2017-06-15T09:23:51","guid":{"rendered":"http:\/\/www.wetaplast.se\/wordpress\/?page_id=77"},"modified":"2017-06-15T09:23:51","modified_gmt":"2017-06-15T09:23:51","slug":"hybridtillverkning","status":"publish","type":"page","link":"http:\/\/www.wetaplast.se\/en\/hybridtillverkning\/","title":{"rendered":"Hybridtillverkning"},"content":{"rendered":"<h4 style=\"text-align: center;\">Trafikljuset &#8211; en hybrid!<\/h4>\n<table style=\"width: 100%;\" border=\"0\" cellspacing=\"5\">\n<tbody>\n<tr>\n<td style=\"width: 33%;\">Vakuumformning\u00a0\u00a0\u00a0\u00a0\u00a0\u00a0\u00a0\u00a0\u00a0 \u00a0 \u00a0 \u00a0 \u00a0\u00a0 +<\/td>\n<td>Formsprutning\u00a0\u00a0\u00a0\u00a0\u00a0\u00a0 \u00a0 \u00a0\u00a0 \u00a0 \u00a0 \u00a0 \u00a0 \u00a0 \u00a0 \u00a0 =<\/td>\n<td style=\"width: 33%;\">\u00a0\u00a0\u00a0\u00a0\u00a0\u00a0\u00a0\u00a0\u00a0\u00a0\u00a0\u00a0\u00a0 Hybrid<\/td>\n<\/tr>\n<tr>\n<td style=\"width: 33%;\">\n<p style=\"text-align: center;\"><img decoding=\"async\" style=\"width: 161px; height: 115px;\" src=\"http:\/\/www.wetaplast.se\/sites\/default\/files\/vakuum1.jpg\" alt=\"\" \/><\/p>\n<p>Vakuumformning \u00e4r en flexibel metod. Vi kan vakuumforma produkter fr\u00e5n 1940 mm x 940 mm till mycket sm\u00e5.<\/td>\n<td style=\"width: 33%;\">\n<p style=\"text-align: center;\"><img decoding=\"async\" style=\"width: 159px; height: 115px;\" src=\"http:\/\/www.wetaplast.se\/sites\/default\/files\/formspr1.jpg\" alt=\"\" \/><\/p>\n<p>Formsprutning passar f\u00f6r stora serier eller komplexa produkter och utvecklingen sker i v\u00e5rt CAD-CAM system.<\/td>\n<td>\n<p style=\"text-align: center;\"><img decoding=\"async\" style=\"width: 120px; height: 119px;\" src=\"http:\/\/www.wetaplast.se\/sites\/default\/files\/hybrid-vit-bg.jpg\" alt=\"\" \/><\/p>\n<p>Genom avancerad planering i CAD-CAM kan man skapa hybrid-konstruktioner.<\/td>\n<\/tr>\n<tr>\n<td style=\"width: 33%; vertical-align: top;\">\n<p style=\"text-align: center;\"><img decoding=\"async\" style=\"width: 175px; height: 119px;\" src=\"http:\/\/www.wetaplast.se\/sites\/default\/files\/vakuum2-vit-bg.jpg\" alt=\"\" \/><\/p>\n<p>Materialet matas in arkvis eller fr\u00e5n rulle och v\u00e4rms till r\u00e4tt formbarhetl<\/td>\n<td style=\"vertical-align: top; width: 33%;\">\n<p style=\"text-align: center;\"><img decoding=\"async\" style=\"width: 169px; height: 136px;\" src=\"http:\/\/www.wetaplast.se\/sites\/default\/files\/formspr2-vit-bg.jpg\" alt=\"\" \/><\/p>\n<p>Plasten v\u00e4rms upp till flytande form och kan tr\u00e4nga in i varje skrymsle.<\/td>\n<td style=\"vertical-align: top; width: 33%;\">\n<p style=\"text-align: center;\"><img decoding=\"async\" style=\"width: 154px; height: 123px;\" src=\"http:\/\/www.wetaplast.se\/sites\/default\/files\/hybrid2-vit-bg.jpg\" alt=\"\" \/><\/p>\n<p>Stor flexibilitet till l\u00e4gre kostnad skapas n\u00e4r en del av produkten kan vakuum-formas.<\/td>\n<\/tr>\n<tr>\n<td style=\"width: 33%; vertical-align: top;\">\n<p style=\"text-align: center;\"><img decoding=\"async\" style=\"width: 188px; height: 100px;\" src=\"http:\/\/www.wetaplast.se\/sites\/default\/files\/vakuum3-vit-bg.jpg\" alt=\"\" \/><\/p>\n<p>Materialet &#8220;sugs&#8221; mot verktyget och vakuum tvingar plasten att forma sig.<\/td>\n<td style=\"vertical-align: top; width: 33%;\">\n<p style=\"text-align: center;\"><img decoding=\"async\" style=\"width: 140px; height: 138px;\" src=\"http:\/\/www.wetaplast.se\/sites\/default\/files\/formspr3-vit-bg.jpg\" alt=\"\" \/><\/p>\n<p>Plasten pressas in i verktyget under stort tryck och kyls ned. Den f\u00e4rdiga produkten st\u00f6ts sedan ut.<\/td>\n<td style=\"vertical-align: top; width: 33%;\">\n<p style=\"text-align: center;\"><img decoding=\"async\" style=\"width: 143px; height: 90px;\" src=\"http:\/\/www.wetaplast.se\/sites\/default\/files\/hybrid3-vit-bg.jpg\" alt=\"\" \/><\/p>\n<p>Delarna sammanfogas till en hybridtillverkad slutprodukt.<\/td>\n<\/tr>\n<tr>\n<td style=\"width: 33%; vertical-align: top;\">\n<p style=\"text-align: center;\"><img decoding=\"async\" style=\"width: 157px; height: 72px;\" src=\"http:\/\/www.wetaplast.se\/sites\/default\/files\/vakuum4-vit-bg.jpg\" alt=\"\" \/><\/p>\n<p>Produkten sk\u00e4rs ren fr\u00e5n \u00f6verfl\u00f6digt material som skickas till \u00e5teranv\u00e4ndning.<\/td>\n<td style=\"vertical-align: top;\">\n<p style=\"text-align: center;\"><img decoding=\"async\" style=\"width: 146px; height: 54px;\" src=\"http:\/\/www.wetaplast.se\/sites\/default\/files\/formsprut4-vit-bg.jpg\" alt=\"\" \/><\/p>\n<p>En robot h\u00e4mtar den f\u00e4rdiga produkten ur formsprutan.<\/td>\n<td>\n<p style=\"text-align: center;\"><img decoding=\"async\" style=\"height: 149px; width: 44px;\" src=\"http:\/\/www.wetaplast.se\/sites\/default\/files\/trafikljus-vit-bg.jpg\" alt=\"\" \/><\/p>\n<p>Den f\u00e4rdiga produkten, trafikljuset &#8211; en hybrid.<\/td>\n<\/tr>\n<\/tbody>\n<\/table>\n<p>&nbsp;<\/p>\n","protected":false},"excerpt":{"rendered":"<p>Trafikljuset &#8211; en hybrid! Vakuumformning\u00a0\u00a0\u00a0\u00a0\u00a0\u00a0\u00a0\u00a0\u00a0 \u00a0 \u00a0 \u00a0 \u00a0\u00a0 + Formsprutning\u00a0\u00a0\u00a0\u00a0\u00a0\u00a0 \u00a0 \u00a0\u00a0 \u00a0 \u00a0 \u00a0 \u00a0 \u00a0 \u00a0 \u00a0 = \u00a0\u00a0\u00a0\u00a0\u00a0\u00a0\u00a0\u00a0\u00a0\u00a0\u00a0\u00a0\u00a0 Hybrid Vakuumformning \u00e4r en flexibel metod. Vi kan vakuumforma produkter fr\u00e5n 1940 mm x 940 mm till mycket sm\u00e5. Formsprutning passar f\u00f6r stora serier eller komplexa produkter och utvecklingen sker i v\u00e5rt CAD-CAM &#8230; <a title=\"Hybridtillverkning\" class=\"read-more\" href=\"http:\/\/www.wetaplast.se\/en\/hybridtillverkning\/\" aria-label=\"Read more about Hybridtillverkning\">Read more<\/a><\/p>\n","protected":false},"author":1,"featured_media":0,"parent":0,"menu_order":0,"comment_status":"closed","ping_status":"closed","template":"","meta":{"footnotes":""},"class_list":["post-77","page","type-page","status-publish"],"translation":{"provider":"WPGlobus","version":"3.0.0","language":"en","enabled_languages":["sv","en"],"languages":{"sv":{"title":true,"content":true,"excerpt":false},"en":{"title":false,"content":false,"excerpt":false}}},"_links":{"self":[{"href":"http:\/\/www.wetaplast.se\/en\/wp-json\/wp\/v2\/pages\/77","targetHints":{"allow":["GET"]}}],"collection":[{"href":"http:\/\/www.wetaplast.se\/en\/wp-json\/wp\/v2\/pages"}],"about":[{"href":"http:\/\/www.wetaplast.se\/en\/wp-json\/wp\/v2\/types\/page"}],"author":[{"embeddable":true,"href":"http:\/\/www.wetaplast.se\/en\/wp-json\/wp\/v2\/users\/1"}],"replies":[{"embeddable":true,"href":"http:\/\/www.wetaplast.se\/en\/wp-json\/wp\/v2\/comments?post=77"}],"version-history":[{"count":1,"href":"http:\/\/www.wetaplast.se\/en\/wp-json\/wp\/v2\/pages\/77\/revisions"}],"predecessor-version":[{"id":78,"href":"http:\/\/www.wetaplast.se\/en\/wp-json\/wp\/v2\/pages\/77\/revisions\/78"}],"wp:attachment":[{"href":"http:\/\/www.wetaplast.se\/en\/wp-json\/wp\/v2\/media?parent=77"}],"curies":[{"name":"wp","href":"https:\/\/api.w.org\/{rel}","templated":true}]}}