{"id":79,"date":"2017-06-15T09:26:43","date_gmt":"2017-06-15T09:26:43","guid":{"rendered":"http:\/\/www.wetaplast.se\/wordpress\/?page_id=79"},"modified":"2017-06-15T09:26:43","modified_gmt":"2017-06-15T09:26:43","slug":"mer-om-plast","status":"publish","type":"page","link":"http:\/\/www.wetaplast.se\/en\/mer-om-plast\/","title":{"rendered":"Mer om plast"},"content":{"rendered":"<h3 style=\"text-align: center;\">16 sanningar om plast:<\/h3>\n<table style=\"width: 100%;\" border=\"1\" cellpadding=\"5\">\n<tbody>\n<tr>\n<td style=\"width: 50%; vertical-align: top;\">\n<h4>1: Plast kan vara mjukt som bomull eller h\u00e5rt som st\u00e5l<\/h4>\n<p>Plast \u00e4r inte ett material \u2013 det \u00e4r m\u00e5nga olika material med varierande egenskaper. Vissa plaster \u00e4r elastiska eller mjuka som bomull, andra \u00e4r h\u00e5rda och starka som metall.<\/td>\n<td style=\"width: 50%; vertical-align: top;\">\n<h4>2: Plast kan formas efter konstrukt\u00f6rens krav och till \u00f6gats behag<\/h4>\n<p>Plasternas egenskaper har gjort dem till favoritmaterial f\u00f6r konstrukt\u00f6rer och designers. Det g\u00e4ller dock att v\u00e4lja r\u00e4tt plast p\u00e5 r\u00e4tt plats f\u00f6r att produkten ska bli funktionell, h\u00e5llbar och snygg.<\/td>\n<\/tr>\n<tr>\n<td style=\"width: 50%; vertical-align: top;\">\n<h4>3: Med plast r\u00e4cker oljan l\u00e4ngre<\/h4>\n<p>Tillverkningen av plast st\u00e5r f\u00f6r en mycket liten del av v\u00e4rldens oljef\u00f6rbrukning \u2013 endast fyra procent! Dessa fyra procent anv\u00e4nds dessutom s\u00e5 effektivt att den fossila oljan r\u00e4cker l\u00e4ngre.<\/td>\n<td style=\"width: 50%; vertical-align: top;\">\n<h4>4: Plast \u00e4r lagrad energi<\/h4>\n<p>N\u00e4r plastprodukterna har anv\u00e4nts klart kan upp till h\u00e4lften av den energi som gick \u00e5t vid tillverkningen utvinnas.<\/td>\n<\/tr>\n<tr>\n<td style=\"width: 50%; vertical-align: top;\">\n<h4>5: Plast f\u00f6renklar produktionen<\/h4>\n<p>Med plast kan man tillverka komplicerade produkter i ett enda moment. Det sparar b\u00e5de energi och pengar.<\/td>\n<td style=\"width: 50%; vertical-align: top;\">\n<h4>6: Plast spar br\u00e4nsle och minskar avgaserna<\/h4>\n<p>Plaster \u00e4r l\u00e4tta. Det medf\u00f6r att transporter av produkter f\u00f6rpackade i plast spar mycket br\u00e4nsle. Dessutom kan energif\u00f6rbrukningen h\u00e5llas nere ytterligare om fordonet i sig best\u00e5r av stora m\u00e4ngder plaster.<\/td>\n<\/tr>\n<tr>\n<td style=\"width: 50%; vertical-align: top;\">\n<h4>7: Plast har flera liv<\/h4>\n<p>Anv\u00e4nda plastprodukter kan \u00e5teranv\u00e4ndas eller \u00e5tervinnas. Vi anv\u00e4nder dem om och om igen, g\u00f6r nya produkter av dem eller omvandlar dem till energi.<\/td>\n<td style=\"width: 50%; vertical-align: top;\">\n<h4>8: Plast r\u00e4ddar liv<\/h4>\n<p>V\u00e4rlden \u00f6ver r\u00e4ddar plasterna liv och \u00f6kar livskvaliteten f\u00f6r m\u00e4nniskor som \u00e4r sjuka eller handikappade.<\/td>\n<\/tr>\n<tr>\n<td style=\"width: 50%; vertical-align: top;\">\n<h4>9: Med plast r\u00e4cker maten och vattnet till fler<\/h4>\n<p>I v\u00e4stv\u00e4rlden f\u00f6rst\u00f6rs bara tv\u00e5 procent av all mat. N\u00e5got som till stor del beror p\u00e5 effektiva f\u00f6rpackningar och bra f\u00f6rvaring.<\/td>\n<td style=\"width: 50%; vertical-align: top;\">\n<h4>10: Plast g\u00f6r jordbruket gr\u00f6nare<\/h4>\n<p>Plast g\u00f6r jordbruket effektivare genom att skydda och bevara sk\u00f6rden. Dessutom m\u00f6jligg\u00f6r plasterna odling i \u00f6kenomr\u00e5den.<\/td>\n<\/tr>\n<tr>\n<td style=\"width: 50%; vertical-align: top;\">\n<h4>11: Med plast byggs ett h\u00e5llbart samh\u00e4lle<\/h4>\n<p>Plaster anv\u00e4nds allt mer inom byggsektorn tack vare goda egenskaper, exempelvis deras l\u00e5nga livsl\u00e4ngd, motst\u00e5ndskraft och isolerande egenskaper.<\/td>\n<td style=\"width: 50%; vertical-align: top;\">\n<h4>12: Plast \u00e4r en f\u00f6ruts\u00e4ttning f\u00f6r IT-samh\u00e4llet<\/h4>\n<p>S\u00e5 gott som alla datorer, mobiltelefoner, kablar, tv-apparater, dvd-spelare, stereoapparater, och andra IT-produkter tillverkas till stor del i plast.<\/td>\n<\/tr>\n<tr>\n<td style=\"width: 50%; vertical-align: top;\">\n<h4>13: Plast \u00e4r h\u00f6gteknologi<\/h4>\n<p>\u00c5r 2000 fick tre professorer fr\u00e5n USA och Japan Nobels kemipris f\u00f6r uppt\u00e4ckten av elektriskt ledande plaster. Deras forskningsresultat \u00e4r ett av m\u00e5nga exempel p\u00e5 att plaster idag \u00e4r h\u00f6gteknologi.<\/td>\n<td style=\"width: 50%; vertical-align: top;\">\n<h4>14: Plast ger mindre underh\u00e5ll<\/h4>\n<p>Plast varken rostar eller ruttnar och kr\u00e4ver d\u00e4rf\u00f6r litet underh\u00e5ll. Plast motst\u00e5r korrosion fr\u00e5n vatten och m\u00e5nga kemikalier. Det inneb\u00e4r ett minskat slitage och en \u00f6kad livsl\u00e4ngd.<\/td>\n<\/tr>\n<tr>\n<td style=\"width: 50%; vertical-align: top;\">\n<h4>15: Plast f\u00f6rb\u00e4ttrar idrottsresultaten<\/h4>\n<p>Idrottsv\u00e4rldens prestationer n\u00e5r st\u00e4ndigt nya h\u00f6jder som ett direkt resultat av nya, innovativa plastprodukter.<\/td>\n<td style=\"width: 50%; vertical-align: top;\">\n<h4>16: Det \u00e4r m\u00e4nniskan som skr\u00e4par ned \u2013 inte plastf\u00f6rpackningarna\u2026<\/h4>\n<p>Visst \u00e4r det l\u00e4tt att bli irriterad p\u00e5 allt som kastas p\u00e5 st\u00e4llen d\u00e4r det inte h\u00f6r hemma. S\u00e4rskilt med tanke p\u00e5 att skr\u00e4pet kan anv\u00e4ndas till n\u00e5got nyttigt \u2013 exempelvis nya produkter eller br\u00e4nsle.<\/td>\n<\/tr>\n<\/tbody>\n<\/table>\n<p style=\"text-align: center;\">(Ur &#8220;16 sanningar om plast&#8221; fr\u00e5n PIR)<\/p>\n","protected":false},"excerpt":{"rendered":"<p>16 sanningar om plast: 1: Plast kan vara mjukt som bomull eller h\u00e5rt som st\u00e5l Plast \u00e4r inte ett material \u2013 det \u00e4r m\u00e5nga olika material med varierande egenskaper. Vissa plaster \u00e4r elastiska eller mjuka som bomull, andra \u00e4r h\u00e5rda och starka som metall. 2: Plast kan formas efter konstrukt\u00f6rens krav och till \u00f6gats behag &#8230; <a title=\"Mer om plast\" class=\"read-more\" href=\"http:\/\/www.wetaplast.se\/en\/mer-om-plast\/\" aria-label=\"Read more about Mer om plast\">Read more<\/a><\/p>\n","protected":false},"author":1,"featured_media":0,"parent":0,"menu_order":0,"comment_status":"closed","ping_status":"closed","template":"","meta":{"footnotes":""},"class_list":["post-79","page","type-page","status-publish"],"translation":{"provider":"WPGlobus","version":"3.0.0","language":"en","enabled_languages":["sv","en"],"languages":{"sv":{"title":true,"content":true,"excerpt":false},"en":{"title":false,"content":false,"excerpt":false}}},"_links":{"self":[{"href":"http:\/\/www.wetaplast.se\/en\/wp-json\/wp\/v2\/pages\/79","targetHints":{"allow":["GET"]}}],"collection":[{"href":"http:\/\/www.wetaplast.se\/en\/wp-json\/wp\/v2\/pages"}],"about":[{"href":"http:\/\/www.wetaplast.se\/en\/wp-json\/wp\/v2\/types\/page"}],"author":[{"embeddable":true,"href":"http:\/\/www.wetaplast.se\/en\/wp-json\/wp\/v2\/users\/1"}],"replies":[{"embeddable":true,"href":"http:\/\/www.wetaplast.se\/en\/wp-json\/wp\/v2\/comments?post=79"}],"version-history":[{"count":1,"href":"http:\/\/www.wetaplast.se\/en\/wp-json\/wp\/v2\/pages\/79\/revisions"}],"predecessor-version":[{"id":80,"href":"http:\/\/www.wetaplast.se\/en\/wp-json\/wp\/v2\/pages\/79\/revisions\/80"}],"wp:attachment":[{"href":"http:\/\/www.wetaplast.se\/en\/wp-json\/wp\/v2\/media?parent=79"}],"curies":[{"name":"wp","href":"https:\/\/api.w.org\/{rel}","templated":true}]}}