{"id":83,"date":"2017-06-15T09:28:37","date_gmt":"2017-06-15T09:28:37","guid":{"rendered":"http:\/\/www.wetaplast.se\/wordpress\/?page_id=83"},"modified":"2020-07-04T10:54:01","modified_gmt":"2020-07-04T10:54:01","slug":"kontakter","status":"publish","type":"page","link":"http:\/\/www.wetaplast.se\/en\/kontakter\/","title":{"rendered":"Kontakter"},"content":{"rendered":"<table style=\"width: 100%;\" border=\"0\" cellpadding=\"5\">\n<tbody>\n<tr>\n<td style=\"vertical-align: top; width: 50%;\">\n<h3><em>Huvudkontoret p\u00e5 Ingmars\u00f6: <\/em><\/h3>\n<p>WETA-Plast AB<br \/>\nBox 89<br \/>\n130 25 Ingmars\u00f6<br \/>\nTel: 08-542 460 30 (telefonsvarare)<\/p>\n<p>Bes\u00f6ksadresser:<br \/>\nNybyggsv\u00e4gen 13 och 39<\/p>\n<p><a href=\"mailto:lotta@wetaplast.se\">Lotta Ljungberg<\/a>, VD<br \/>\n<a href=\"mailto:peter@wetaplast.se\">Peter Ljungberg<\/a>, Vakuumformning<\/p>\n<p>E-post: <a href=\"mailto:weta@wetaplast.se\">weta@wetaplast.se<\/a><\/td>\n<td style=\"vertical-align: top; width: 50%;\">\n<h3 style=\"text-align: right;\"><em>Anv\u00e4ndbara l\u00e4nkar:<\/em><\/h3>\n<p style=\"text-align: right;\"><a href=\"http:\/\/www.malarplast.se\/\" target=\"_blank\" rel=\"noopener noreferrer\">M\u00e4larplast <\/a><br \/>\n<a href=\"http:\/\/www.plastinformation.com\/\" target=\"_blank\" rel=\"noopener noreferrer\">Plastinformation (PIR) <\/a><br \/>\n<a href=\"http:\/\/www.plastkemiforetagen.se\/Pages\/default.aspx\" target=\"_blank\" rel=\"noopener noreferrer\">Plastkemif\u00f6retagen <\/a><br \/>\n<a href=\"http:\/\/www.sinf.se\/\" target=\"_blank\" rel=\"noopener noreferrer\">Svensk Industrif\u00f6rening <\/a><\/p>\n<p style=\"text-align: right;\"><a href=\"http:\/\/www.ingmarso.se\/\" target=\"_blank\" rel=\"noopener noreferrer\">Mer om Ingmars\u00f6<\/a><\/p>\n<\/td>\n<\/tr>\n<\/tbody>\n<\/table>\n","protected":false},"excerpt":{"rendered":"<p>Huvudkontoret p\u00e5 Ingmars\u00f6: WETA-Plast AB Box 89 130 25 Ingmars\u00f6 Tel: 08-542 460 30 (telefonsvarare) Bes\u00f6ksadresser: Nybyggsv\u00e4gen 13 och 39 Lotta Ljungberg, VD Peter Ljungberg, Vakuumformning E-post: weta@wetaplast.se Anv\u00e4ndbara l\u00e4nkar: M\u00e4larplast Plastinformation (PIR) Plastkemif\u00f6retagen Svensk Industrif\u00f6rening Mer om Ingmars\u00f6<\/p>\n","protected":false},"author":1,"featured_media":0,"parent":0,"menu_order":0,"comment_status":"closed","ping_status":"closed","template":"","meta":{"footnotes":""},"class_list":["post-83","page","type-page","status-publish"],"translation":{"provider":"WPGlobus","version":"3.0.0","language":"en","enabled_languages":["sv","en"],"languages":{"sv":{"title":true,"content":true,"excerpt":false},"en":{"title":false,"content":false,"excerpt":false}}},"_links":{"self":[{"href":"http:\/\/www.wetaplast.se\/en\/wp-json\/wp\/v2\/pages\/83","targetHints":{"allow":["GET"]}}],"collection":[{"href":"http:\/\/www.wetaplast.se\/en\/wp-json\/wp\/v2\/pages"}],"about":[{"href":"http:\/\/www.wetaplast.se\/en\/wp-json\/wp\/v2\/types\/page"}],"author":[{"embeddable":true,"href":"http:\/\/www.wetaplast.se\/en\/wp-json\/wp\/v2\/users\/1"}],"replies":[{"embeddable":true,"href":"http:\/\/www.wetaplast.se\/en\/wp-json\/wp\/v2\/comments?post=83"}],"version-history":[{"count":6,"href":"http:\/\/www.wetaplast.se\/en\/wp-json\/wp\/v2\/pages\/83\/revisions"}],"predecessor-version":[{"id":157,"href":"http:\/\/www.wetaplast.se\/en\/wp-json\/wp\/v2\/pages\/83\/revisions\/157"}],"wp:attachment":[{"href":"http:\/\/www.wetaplast.se\/en\/wp-json\/wp\/v2\/media?parent=83"}],"curies":[{"name":"wp","href":"https:\/\/api.w.org\/{rel}","templated":true}]}}